{"id":193,"date":"2021-09-24T18:06:32","date_gmt":"2021-09-24T18:06:32","guid":{"rendered":"http:\/\/revistaindustrialegal.com\/?page_id=193"},"modified":"2023-04-06T14:19:24","modified_gmt":"2023-04-06T14:19:24","slug":"featured","status":"publish","type":"page","link":"https:\/\/old.thelegalindustry.com\/es\/featured\/","title":{"rendered":"Blog"},"content":{"rendered":"<style>\/*! elementor - v3.6.6 - 08-06-2022 *\/<br \/>\n.elementor-heading-title{padding:0;margin:0;line-height:1}.elementor-widget-heading .elementor-heading-title[class*=elementor-size-]>a{color:inherit;font-size:inherit;line-height:inherit}.elementor-widget-heading .elementor-heading-title.elementor-size-small{font-size:15px}.elementor-widget-heading .elementor-heading-title.elementor-size-medium{font-size:19px}.elementor-widget-heading .elementor-heading-title.elementor-size-large{font-size:29px}.elementor-widget-heading .elementor-heading-title.elementor-size-xl{font-size:39px}.elementor-widget-heading .elementor-heading-title.elementor-size-xxl{font-size:59px}<\/style>\n<h2>Blog<\/h2>\n<p><a href=\"http:\/\/thelegalindustry.com\/2022-2\/\"><img loading=\"lazy\" decoding=\"async\" width=\"960\" height=\"560\" src=\"http:\/\/thelegalindustry.com\/wp-content\/uploads\/2022\/02\/nota_mexico_2022.jpg\" alt=\"\" srcset=\"http:\/\/thelegalindustry.com\/wp-content\/uploads\/2022\/02\/nota_mexico_2022.jpg 960w, http:\/\/thelegalindustry.com\/wp-content\/uploads\/2022\/02\/nota_mexico_2022-300x175.jpg 300w, http:\/\/thelegalindustry.com\/wp-content\/uploads\/2022\/02\/nota_mexico_2022-768x448.jpg 768w\" sizes=\"auto, (max-width: 960px) 100vw, 960px\"> <\/a><br \/>\n<a href=\"http:\/\/thelegalindustry.com\/2022\/02\/\" rel=\"bookmark\">11 de February de 2022<\/a><br \/>\n\/<br \/>\n<a href=\"http:\/\/thelegalindustry.com\/categoria\/nota-mexico\/\" rel=\"tag\">M\u00e9xico<\/a><\/p>\n<h3><a href=\"http:\/\/thelegalindustry.com\/2022-2\/\">2022<\/a><\/h3>\n<p>Unos d\u00edas atr\u00e1s despedimos el 2021, y como es habitual, cada quien habr\u00e1 revisado cu\u00e1les fueron los principales hitos que marcaron los \u00faltimos doce meses, junto con definir los que<br \/>\n<a href=\"http:\/\/thelegalindustry.com\/2022-2\/\">READ<\/a><br \/>\n<a href=\"http:\/\/thelegalindustry.com\/carta-del-director\/\"><img loading=\"lazy\" decoding=\"async\" width=\"1024\" height=\"569\" src=\"http:\/\/thelegalindustry.com\/wp-content\/uploads\/2022\/02\/shutterstock_1051414418-1024x569.jpeg\" alt=\"\" srcset=\"http:\/\/thelegalindustry.com\/wp-content\/uploads\/2022\/02\/shutterstock_1051414418-1024x569.jpeg 1024w, http:\/\/thelegalindustry.com\/wp-content\/uploads\/2022\/02\/shutterstock_1051414418-300x167.jpeg 300w, http:\/\/thelegalindustry.com\/wp-content\/uploads\/2022\/02\/shutterstock_1051414418-768x427.jpeg 768w, http:\/\/thelegalindustry.com\/wp-content\/uploads\/2022\/02\/shutterstock_1051414418-1536x854.jpeg 1536w, http:\/\/thelegalindustry.com\/wp-content\/uploads\/2022\/02\/shutterstock_1051414418-2048x1139.jpeg 2048w\" sizes=\"auto, (max-width: 1024px) 100vw, 1024px\"> <\/a><br \/>\n<a href=\"http:\/\/thelegalindustry.com\/2022\/02\/\" rel=\"bookmark\">10 de February de 2022<\/a><br \/>\n\/<br \/>\n<a href=\"http:\/\/thelegalindustry.com\/categoria\/nota-ecuador\/\" rel=\"tag\">Ecuador<\/a><\/p>\n<h3><a href=\"http:\/\/thelegalindustry.com\/carta-del-director\/\">Carta del director<\/a><\/h3>\n<p>Nos da mucho gusto compartir con ustedes el primer n\u00famero de Industria Legal Ecuador 2022. Este a\u00f1o, al igual que el pasado, tendr\u00e1 muchos retos, pero la gran noticia es<br \/>\n<a href=\"http:\/\/thelegalindustry.com\/carta-del-director\/\">READ<\/a><br \/>\n<a href=\"http:\/\/thelegalindustry.com\/presentacion\/\"><img loading=\"lazy\" decoding=\"async\" width=\"960\" height=\"560\" src=\"http:\/\/thelegalindustry.com\/wp-content\/uploads\/2022\/02\/nota_presentacion-.jpg\" alt=\"\" srcset=\"http:\/\/thelegalindustry.com\/wp-content\/uploads\/2022\/02\/nota_presentacion-.jpg 960w, http:\/\/thelegalindustry.com\/wp-content\/uploads\/2022\/02\/nota_presentacion--300x175.jpg 300w, http:\/\/thelegalindustry.com\/wp-content\/uploads\/2022\/02\/nota_presentacion--768x448.jpg 768w\" sizes=\"auto, (max-width: 960px) 100vw, 960px\"> <\/a><br \/>\n<a href=\"http:\/\/thelegalindustry.com\/2022\/01\/\" rel=\"bookmark\">25 de January de 2022<\/a><br \/>\n\/<br \/>\n<a href=\"http:\/\/thelegalindustry.com\/categoria\/nota-spain\/\" rel=\"tag\">Espa\u00f1a<\/a><\/p>\n<h3><a href=\"http:\/\/thelegalindustry.com\/presentacion\/\">Presentaci\u00f3n<\/a><\/h3>\n<p>Tenemos el agrado de presentar la primera edici\u00f3n de la Revista Industria Legal en Espa\u00f1a, lo cual ha sido posible gracias a la valiosa colaboraci\u00f3n de muchos de los principales<br \/>\n<a href=\"http:\/\/thelegalindustry.com\/presentacion\/\">READ<\/a><br \/>\n<a href=\"http:\/\/thelegalindustry.com\/estaremos-atentos\/\"><img loading=\"lazy\" decoding=\"async\" width=\"960\" height=\"560\" src=\"http:\/\/thelegalindustry.com\/wp-content\/uploads\/2022\/01\/nota_mina.jpg\" alt=\"\" srcset=\"http:\/\/thelegalindustry.com\/wp-content\/uploads\/2022\/01\/nota_mina.jpg 960w, http:\/\/thelegalindustry.com\/wp-content\/uploads\/2022\/01\/nota_mina-300x175.jpg 300w, http:\/\/thelegalindustry.com\/wp-content\/uploads\/2022\/01\/nota_mina-768x448.jpg 768w\" sizes=\"auto, (max-width: 960px) 100vw, 960px\"> <\/a><br \/>\n<a href=\"http:\/\/thelegalindustry.com\/2022\/01\/\" rel=\"bookmark\">18 de January de 2022<\/a><br \/>\n\/<br \/>\n<a href=\"http:\/\/thelegalindustry.com\/categoria\/nota-peru\/\" rel=\"tag\">Per\u00fa<\/a><\/p>\n<h3><a href=\"http:\/\/thelegalindustry.com\/estaremos-atentos\/\">\u00a1Estaremos Atentos!<\/a><\/h3>\n<p>La miner\u00eda representa el 14% del PBI del pa\u00eds, de acuerdo con la CONFIEP. Asimismo, seg\u00fan ciertas estad\u00edsticas publicadas por la Sociedad Nacional de Miner\u00eda, Petr\u00f3leo y Energ\u00eda, en el<br \/>\n<a href=\"http:\/\/thelegalindustry.com\/estaremos-atentos\/\">READ<\/a><br \/>\n<a href=\"http:\/\/thelegalindustry.com\/la-nueva-normalidad-colombiana%ef%bf%bc\/\"><img loading=\"lazy\" decoding=\"async\" width=\"960\" height=\"560\" src=\"http:\/\/thelegalindustry.com\/wp-content\/uploads\/2022\/02\/nota_col.jpg\" alt=\"\" srcset=\"http:\/\/thelegalindustry.com\/wp-content\/uploads\/2022\/02\/nota_col.jpg 960w, http:\/\/thelegalindustry.com\/wp-content\/uploads\/2022\/02\/nota_col-300x175.jpg 300w, http:\/\/thelegalindustry.com\/wp-content\/uploads\/2022\/02\/nota_col-768x448.jpg 768w\" sizes=\"auto, (max-width: 960px) 100vw, 960px\"> <\/a><br \/>\n<a href=\"http:\/\/thelegalindustry.com\/2022\/01\/\" rel=\"bookmark\">12 de January de 2022<\/a><br \/>\n\/<br \/>\n<a href=\"http:\/\/thelegalindustry.com\/categoria\/nota-colombia\/\" rel=\"tag\">Colombia<\/a><\/p>\n<h3><a href=\"http:\/\/thelegalindustry.com\/la-nueva-normalidad-colombiana%ef%bf%bc\/\">La nueva normalidad Colombiana<\/a><\/h3>\n<p>Ya en Colombia el COVID-19 no es excusa, es algo con lo que convivimos en nuestro diario vivir. Ya las cuarentenas eternas que presenciamos en el 2020 no existen (esperemos<br \/>\n<a href=\"http:\/\/thelegalindustry.com\/la-nueva-normalidad-colombiana%ef%bf%bc\/\">READ<\/a><br \/>\n<a href=\"http:\/\/thelegalindustry.com\/2022%ef%bf%bc\/\"><img loading=\"lazy\" decoding=\"async\" width=\"960\" height=\"560\" src=\"http:\/\/thelegalindustry.com\/wp-content\/uploads\/2022\/02\/nota_chile_2022.jpg\" alt=\"\" srcset=\"http:\/\/thelegalindustry.com\/wp-content\/uploads\/2022\/02\/nota_chile_2022.jpg 960w, http:\/\/thelegalindustry.com\/wp-content\/uploads\/2022\/02\/nota_chile_2022-300x175.jpg 300w, http:\/\/thelegalindustry.com\/wp-content\/uploads\/2022\/02\/nota_chile_2022-768x448.jpg 768w\" sizes=\"auto, (max-width: 960px) 100vw, 960px\"> <\/a><br \/>\n<a href=\"http:\/\/thelegalindustry.com\/2022\/01\/\" rel=\"bookmark\">10 de January de 2022<\/a><br \/>\n\/<br \/>\n<a href=\"http:\/\/thelegalindustry.com\/categoria\/nota-chile\/\" rel=\"tag\">Chile<\/a><\/p>\n<h3><a href=\"http:\/\/thelegalindustry.com\/2022%ef%bf%bc\/\">2022<\/a><\/h3>\n<p>Hace algunas semanas despedimos el 2021, y como es habitual, cada quien habr\u00e1 revisado cu\u00e1les fueron los principales hitos que marcaron los \u00faltimos doce meses, junto con definir los que<br \/>\n<a href=\"http:\/\/thelegalindustry.com\/2022%ef%bf%bc\/\">READ<\/a><\/p>\n<h2>jurisdictions<\/h2>\n<article>\n<h3><a href=\"http:\/\/thelegalindustry.com\/categoria\/nota-chile\/\">Chile<\/a><\/h3>\n<\/article>\n<article>\n<h3><a href=\"http:\/\/thelegalindustry.com\/categoria\/nota-colombia\/\">Colombia<\/a><\/h3>\n<\/article>\n<article>\n<h3><a href=\"http:\/\/thelegalindustry.com\/categoria\/nota-ecuador\/\">Ecuador<\/a><\/h3>\n<\/article>\n<article>\n<h3><a href=\"http:\/\/thelegalindustry.com\/categoria\/nota-mexico\/\">M\u00e9xico<\/a><\/h3>\n<\/article>\n<article>\n<h3><a href=\"http:\/\/thelegalindustry.com\/categoria\/nota-peru\/\">Per\u00fa<\/a><\/h3>\n<\/article>\n<article>\n<h3><a href=\"http:\/\/thelegalindustry.com\/categoria\/nota-spain\/\">Espa\u00f1a<\/a><\/h3>\n<\/article>","protected":false},"excerpt":{"rendered":"<p>Featured reviews 11 de February de 2022 \/ Mexico 2022 Unos d\u00edas atr\u00e1s despedimos el 2021, y como es habitual, cada quien habr\u00e1 revisado cu\u00e1les fueron los principales hitos que marcaron los \u00faltimos doce meses, junto con definir los que READ 10 de February de 2022 \/ Ecuador Carta del director Nos da mucho gusto [&hellip;]<\/p>","protected":false},"author":1,"featured_media":1381,"parent":0,"menu_order":0,"comment_status":"closed","ping_status":"closed","template":"","meta":{"footnotes":""},"class_list":["post-193","page","type-page","status-publish","has-post-thumbnail","hentry"],"acf":[],"yoast_head":"<!-- This site is optimized with the Yoast SEO plugin v25.2 - https:\/\/yoast.com\/wordpress\/plugins\/seo\/ -->\n<title>Featured reviews - Legal Industry Reviews<\/title>\n<meta name=\"robots\" content=\"index, follow, max-snippet:-1, max-image-preview:large, max-video-preview:-1\" \/>\n<link rel=\"canonical\" href=\"https:\/\/old.thelegalindustry.com\/es\/featured\/\" \/>\n<meta property=\"og:locale\" content=\"es_ES\" \/>\n<meta property=\"og:type\" content=\"article\" \/>\n<meta property=\"og:title\" content=\"Featured reviews - Legal Industry Reviews\" \/>\n<meta property=\"og:description\" content=\"Featured reviews 11 de February de 2022 \/ Mexico 2022 Unos d\u00edas atr\u00e1s despedimos el 2021, y como es habitual, cada quien habr\u00e1 revisado cu\u00e1les fueron los principales hitos que marcaron los \u00faltimos doce meses, junto con definir los que READ 10 de February de 2022 \/ Ecuador Carta del director Nos da mucho gusto [&hellip;]\" \/>\n<meta property=\"og:url\" content=\"https:\/\/old.thelegalindustry.com\/es\/featured\/\" \/>\n<meta property=\"og:site_name\" content=\"Legal Industry Reviews\" \/>\n<meta property=\"article:modified_time\" content=\"2023-04-06T14:19:24+00:00\" \/>\n<meta property=\"og:image\" content=\"https:\/\/old.thelegalindustry.com\/wp-content\/uploads\/2022\/06\/ico_.png\" \/>\n\t<meta property=\"og:image:width\" content=\"250\" \/>\n\t<meta property=\"og:image:height\" content=\"250\" \/>\n\t<meta property=\"og:image:type\" content=\"image\/png\" \/>\n<meta name=\"twitter:card\" content=\"summary_large_image\" \/>\n<meta name=\"twitter:label1\" content=\"Tiempo de lectura\" \/>\n\t<meta name=\"twitter:data1\" content=\"3 minutos\" \/>\n<script type=\"application\/ld+json\" class=\"yoast-schema-graph\">{\"@context\":\"https:\/\/schema.org\",\"@graph\":[{\"@type\":\"WebPage\",\"@id\":\"https:\/\/old.thelegalindustry.com\/es\/featured\/\",\"url\":\"https:\/\/old.thelegalindustry.com\/es\/featured\/\",\"name\":\"Featured reviews - Legal Industry Reviews\",\"isPartOf\":{\"@id\":\"https:\/\/old.thelegalindustry.com\/#website\"},\"primaryImageOfPage\":{\"@id\":\"https:\/\/old.thelegalindustry.com\/es\/featured\/#primaryimage\"},\"image\":{\"@id\":\"https:\/\/old.thelegalindustry.com\/es\/featured\/#primaryimage\"},\"thumbnailUrl\":\"https:\/\/old.thelegalindustry.com\/wp-content\/uploads\/2022\/06\/ico_.png\",\"datePublished\":\"2021-09-24T18:06:32+00:00\",\"dateModified\":\"2023-04-06T14:19:24+00:00\",\"breadcrumb\":{\"@id\":\"https:\/\/old.thelegalindustry.com\/es\/featured\/#breadcrumb\"},\"inLanguage\":\"es\",\"potentialAction\":[{\"@type\":\"ReadAction\",\"target\":[\"https:\/\/old.thelegalindustry.com\/es\/featured\/\"]}]},{\"@type\":\"ImageObject\",\"inLanguage\":\"es\",\"@id\":\"https:\/\/old.thelegalindustry.com\/es\/featured\/#primaryimage\",\"url\":\"https:\/\/old.thelegalindustry.com\/wp-content\/uploads\/2022\/06\/ico_.png\",\"contentUrl\":\"https:\/\/old.thelegalindustry.com\/wp-content\/uploads\/2022\/06\/ico_.png\",\"width\":250,\"height\":250},{\"@type\":\"BreadcrumbList\",\"@id\":\"https:\/\/old.thelegalindustry.com\/es\/featured\/#breadcrumb\",\"itemListElement\":[{\"@type\":\"ListItem\",\"position\":1,\"name\":\"Portada\",\"item\":\"https:\/\/old.thelegalindustry.com\/\"},{\"@type\":\"ListItem\",\"position\":2,\"name\":\"Featured reviews\"}]},{\"@type\":\"WebSite\",\"@id\":\"https:\/\/old.thelegalindustry.com\/#website\",\"url\":\"https:\/\/old.thelegalindustry.com\/\",\"name\":\"Legal Industry Reviews\",\"description\":\"\",\"publisher\":{\"@id\":\"https:\/\/old.thelegalindustry.com\/#organization\"},\"potentialAction\":[{\"@type\":\"SearchAction\",\"target\":{\"@type\":\"EntryPoint\",\"urlTemplate\":\"https:\/\/old.thelegalindustry.com\/?s={search_term_string}\"},\"query-input\":{\"@type\":\"PropertyValueSpecification\",\"valueRequired\":true,\"valueName\":\"search_term_string\"}}],\"inLanguage\":\"es\"},{\"@type\":\"Organization\",\"@id\":\"https:\/\/old.thelegalindustry.com\/#organization\",\"name\":\"Legal Industry Reviews\",\"url\":\"https:\/\/old.thelegalindustry.com\/\",\"logo\":{\"@type\":\"ImageObject\",\"inLanguage\":\"es\",\"@id\":\"https:\/\/old.thelegalindustry.com\/#\/schema\/logo\/image\/\",\"url\":\"https:\/\/thelegalindustry.com\/wp-content\/uploads\/2022\/06\/Grupo-112.svg\",\"contentUrl\":\"https:\/\/thelegalindustry.com\/wp-content\/uploads\/2022\/06\/Grupo-112.svg\",\"width\":770.276,\"height\":233.428,\"caption\":\"Legal Industry Reviews\"},\"image\":{\"@id\":\"https:\/\/old.thelegalindustry.com\/#\/schema\/logo\/image\/\"}}]}<\/script>\n<!-- \/ Yoast SEO plugin. -->","yoast_head_json":{"title":"Featured reviews - Legal Industry Reviews","robots":{"index":"index","follow":"follow","max-snippet":"max-snippet:-1","max-image-preview":"max-image-preview:large","max-video-preview":"max-video-preview:-1"},"canonical":"https:\/\/old.thelegalindustry.com\/es\/featured\/","og_locale":"es_ES","og_type":"article","og_title":"Featured reviews - Legal Industry Reviews","og_description":"Featured reviews 11 de February de 2022 \/ Mexico 2022 Unos d\u00edas atr\u00e1s despedimos el 2021, y como es habitual, cada quien habr\u00e1 revisado cu\u00e1les fueron los principales hitos que marcaron los \u00faltimos doce meses, junto con definir los que READ 10 de February de 2022 \/ Ecuador Carta del director Nos da mucho gusto [&hellip;]","og_url":"https:\/\/old.thelegalindustry.com\/es\/featured\/","og_site_name":"Legal Industry Reviews","article_modified_time":"2023-04-06T14:19:24+00:00","og_image":[{"width":250,"height":250,"url":"https:\/\/old.thelegalindustry.com\/wp-content\/uploads\/2022\/06\/ico_.png","type":"image\/png"}],"twitter_card":"summary_large_image","twitter_misc":{"Tiempo de lectura":"3 minutos"},"schema":{"@context":"https:\/\/schema.org","@graph":[{"@type":"WebPage","@id":"https:\/\/old.thelegalindustry.com\/es\/featured\/","url":"https:\/\/old.thelegalindustry.com\/es\/featured\/","name":"Featured reviews - Legal Industry Reviews","isPartOf":{"@id":"https:\/\/old.thelegalindustry.com\/#website"},"primaryImageOfPage":{"@id":"https:\/\/old.thelegalindustry.com\/es\/featured\/#primaryimage"},"image":{"@id":"https:\/\/old.thelegalindustry.com\/es\/featured\/#primaryimage"},"thumbnailUrl":"https:\/\/old.thelegalindustry.com\/wp-content\/uploads\/2022\/06\/ico_.png","datePublished":"2021-09-24T18:06:32+00:00","dateModified":"2023-04-06T14:19:24+00:00","breadcrumb":{"@id":"https:\/\/old.thelegalindustry.com\/es\/featured\/#breadcrumb"},"inLanguage":"es","potentialAction":[{"@type":"ReadAction","target":["https:\/\/old.thelegalindustry.com\/es\/featured\/"]}]},{"@type":"ImageObject","inLanguage":"es","@id":"https:\/\/old.thelegalindustry.com\/es\/featured\/#primaryimage","url":"https:\/\/old.thelegalindustry.com\/wp-content\/uploads\/2022\/06\/ico_.png","contentUrl":"https:\/\/old.thelegalindustry.com\/wp-content\/uploads\/2022\/06\/ico_.png","width":250,"height":250},{"@type":"BreadcrumbList","@id":"https:\/\/old.thelegalindustry.com\/es\/featured\/#breadcrumb","itemListElement":[{"@type":"ListItem","position":1,"name":"Portada","item":"https:\/\/old.thelegalindustry.com\/"},{"@type":"ListItem","position":2,"name":"Featured reviews"}]},{"@type":"WebSite","@id":"https:\/\/old.thelegalindustry.com\/#website","url":"https:\/\/old.thelegalindustry.com\/","name":"Legal Industry Reviews","description":"","publisher":{"@id":"https:\/\/old.thelegalindustry.com\/#organization"},"potentialAction":[{"@type":"SearchAction","target":{"@type":"EntryPoint","urlTemplate":"https:\/\/old.thelegalindustry.com\/?s={search_term_string}"},"query-input":{"@type":"PropertyValueSpecification","valueRequired":true,"valueName":"search_term_string"}}],"inLanguage":"es"},{"@type":"Organization","@id":"https:\/\/old.thelegalindustry.com\/#organization","name":"Legal Industry Reviews","url":"https:\/\/old.thelegalindustry.com\/","logo":{"@type":"ImageObject","inLanguage":"es","@id":"https:\/\/old.thelegalindustry.com\/#\/schema\/logo\/image\/","url":"https:\/\/thelegalindustry.com\/wp-content\/uploads\/2022\/06\/Grupo-112.svg","contentUrl":"https:\/\/thelegalindustry.com\/wp-content\/uploads\/2022\/06\/Grupo-112.svg","width":770.276,"height":233.428,"caption":"Legal Industry Reviews"},"image":{"@id":"https:\/\/old.thelegalindustry.com\/#\/schema\/logo\/image\/"}}]}},"_links":{"self":[{"href":"https:\/\/old.thelegalindustry.com\/es\/wp-json\/wp\/v2\/pages\/193","targetHints":{"allow":["GET"]}}],"collection":[{"href":"https:\/\/old.thelegalindustry.com\/es\/wp-json\/wp\/v2\/pages"}],"about":[{"href":"https:\/\/old.thelegalindustry.com\/es\/wp-json\/wp\/v2\/types\/page"}],"author":[{"embeddable":true,"href":"https:\/\/old.thelegalindustry.com\/es\/wp-json\/wp\/v2\/users\/1"}],"replies":[{"embeddable":true,"href":"https:\/\/old.thelegalindustry.com\/es\/wp-json\/wp\/v2\/comments?post=193"}],"version-history":[{"count":73,"href":"https:\/\/old.thelegalindustry.com\/es\/wp-json\/wp\/v2\/pages\/193\/revisions"}],"predecessor-version":[{"id":1863,"href":"https:\/\/old.thelegalindustry.com\/es\/wp-json\/wp\/v2\/pages\/193\/revisions\/1863"}],"wp:featuredmedia":[{"embeddable":true,"href":"https:\/\/old.thelegalindustry.com\/es\/wp-json\/wp\/v2\/media\/1381"}],"wp:attachment":[{"href":"https:\/\/old.thelegalindustry.com\/es\/wp-json\/wp\/v2\/media?parent=193"}],"curies":[{"name":"wp","href":"https:\/\/api.w.org\/{rel}","templated":true}]}}